{"id":4226,"date":"2017-02-02T12:28:56","date_gmt":"2017-02-02T12:28:56","guid":{"rendered":"http:\/\/www.friup.ch\/conditions-generales-dutilisation\/"},"modified":"2018-01-23T14:51:40","modified_gmt":"2018-01-23T13:51:40","slug":"allgemeine-nutzungsbedingungen","status":"publish","type":"page","link":"https:\/\/old.friup.ch\/de\/allgemeine-nutzungsbedingungen\/","title":{"rendered":"Allgemeine Nutzungsbedingungen"},"content":{"rendered":"<div id='av_section_1'  class='avia-section av-av_section-1967d8c30cd8866af393f8b6e7638b1b main_color avia-section-large avia-no-border-styling  avia-builder-el-0  el_before_av_hr  avia-builder-el-first  avia-bg-style-scroll container_wrap sidebar_right'  ><div class='container av-section-cont-open' ><main  role=\"main\" itemprop=\"mainContentOfPage\"  class='template-page content  av-content-small alpha units'><div class='post-entry post-entry-type-page post-entry-4226'><div class='entry-content-wrapper clearfix'>\n\n<style type=\"text\/css\" data-created_by=\"avia_inline_auto\" id=\"style-css-av-av_heading-87970da67aba1ae91ece9f992f1ae9c1\">\n#top .av-special-heading.av-av_heading-87970da67aba1ae91ece9f992f1ae9c1{\npadding-bottom:20px;\nfont-size:40px;\n}\nbody .av-special-heading.av-av_heading-87970da67aba1ae91ece9f992f1ae9c1 .av-special-heading-tag .heading-char{\nfont-size:25px;\n}\n#top #wrap_all .av-special-heading.av-av_heading-87970da67aba1ae91ece9f992f1ae9c1 .av-special-heading-tag{\nfont-size:40px;\n}\n.av-special-heading.av-av_heading-87970da67aba1ae91ece9f992f1ae9c1 .av-subheading{\nfont-size:15px;\n}\n<\/style>\n<div  class='av-special-heading av-av_heading-87970da67aba1ae91ece9f992f1ae9c1 av-special-heading-h2 blockquote modern-quote  avia-builder-el-1  el_before_av_hr  avia-builder-el-first  av-inherit-size'><h2 class='av-special-heading-tag'  itemprop=\"headline\"  >Allgemeine Nutzungsbedingungen \/ Rechtliche Hinweise<\/h2><div class=\"special-heading-border\"><div class=\"special-heading-inner-border\"><\/div><\/div><\/div>\n\n<style type=\"text\/css\" data-created_by=\"avia_inline_auto\" id=\"style-css-av-av_hr-fe7ea066d7db16e4cb97982272ef9663\">\n#top .hr.av-av_hr-fe7ea066d7db16e4cb97982272ef9663{\nmargin-top:10px;\nmargin-bottom:10px;\n}\n.hr.av-av_hr-fe7ea066d7db16e4cb97982272ef9663 .hr-inner{\nwidth:50px;\nborder-color:#000000;\n}\n<\/style>\n<div  class='hr av-av_hr-fe7ea066d7db16e4cb97982272ef9663 hr-custom  avia-builder-el-2  el_after_av_heading  el_before_av_one_half  hr-left hr-icon-no'><span class='hr-inner inner-border-av-border-fat'><span class=\"hr-inner-style\"><\/span><\/span><\/div>\n\n<style type=\"text\/css\" data-created_by=\"avia_inline_auto\" id=\"style-css-av-av_one_half-6126cab7d8fab8d08143dd2dacdf673c\">\n.flex_column.av-av_one_half-6126cab7d8fab8d08143dd2dacdf673c{\nborder-radius:0px 0px 0px 0px;\n-webkit-border-radius:0px 0px 0px 0px;\n-moz-border-radius:0px 0px 0px 0px;\n}\n<\/style>\n<div class='flex_column av-av_one_half-6126cab7d8fab8d08143dd2dacdf673c av_one_half  avia-builder-el-3  el_after_av_hr  el_before_av_one_half  first flex_column_div av-zero-column-padding '   ><section  class='av_textblock_section av-av_textblock-2bd894dbf2e4bf2c4acf98ce4fbf94aa'  itemscope=\"itemscope\" itemtype=\"https:\/\/schema.org\/CreativeWork\" ><div class='avia_textblock'  itemprop=\"text\" ><p><strong>1. Gegenstand<\/strong><br \/>\nFolgende allgemeine Nutzungsbedingungen und rechtliche Hinweise regeln die Nutzung der Webseite www.friup.ch.<br \/>\nDer Verleger dieser Webseite ist der Verein Fri Up, Passage du Cardinal 1, 1700 Freiburg.<br \/>\nFolgende allgemeine Nutzungsbedingungen und rechtliche Hinweise gelten f\u00fcr die ganze Webseite und alle Produkten und Dienstleistungen, die hier angeboten werden.<\/p>\n<p><strong>2. Definitionen<\/strong><br \/>\nWebseite: www.friup.ch<br \/>\nInhalt: jegliche Informationen, Texte, Musiken, Fotos, Grafiken, Bilder, Videos, Nachrichten und weitere Daten, welche auf der Webseite von Fri Up vorhanden sind.<br \/>\nBenutzerin\/Benutzer: Benutzerin\/Benutzer der Webseite.<\/p>\n<p><strong>3. Einverst\u00e4ndnis<\/strong><br \/>\nDurch Zugriff auf Webseite und Angebote von Fri Up erkl\u00e4rt die Benutzerin\/der Benutzer, dass sie\/er die folgenden Nutzungsbedingungen und rechtlichen Hinweise verstanden hat und mit ihnen einverstanden ist.<br \/>\nIst die Benutzerin\/der Benutzer mit der Geltung der folgenden Nutzungsbedingungen und rechtlichen Hinweise nicht einverstanden, so ist ihr\/ihm die Nutzung der Website untersagt.<\/p>\n<p><strong>4. Ver\u00e4nderungen<\/strong><br \/>\nFri Up beh\u00e4lt sich das Recht vor, die vorliegenden Nutzungsbedingungen und rechtlichen Hinweise jederzeit ohne besondere Mitteilung zu \u00e4ndern. Die Benutzerin\/der Benutzer ist somit f\u00fcr die regelm\u00e4\u00dfige \u00dcberpr\u00fcfung der Nutzungsbedingungen und rechtlichen Hinweise selbst verantwortlich.<br \/>\nDie Weiterbenutzung dieser Website nach der Einf\u00fchrung etwaiger \u00c4nderungen der Nutzungsbedingungen und rechtlichen Hinweise ist gleichbedeutend mit der Zustimmung zu diesen \u00c4nderungen.<br \/>\nDie Website enth\u00e4lt Informationen allgemeiner Art und ist ein Dienstleistungsangebot f\u00fcr ihre Besucherinnen und Besucher. Fri Up beh\u00e4lt sich das Recht vor, den Inhalt seiner Website ohne vorherige Ank\u00fcndigung oder Angabe von Gr\u00fcnden jederzeit zu erg\u00e4nzen, zu \u00e4ndern oder zu l\u00f6schen.<\/p>\n<p><strong>5. Benutzung der Webseite<\/strong><br \/>\nDiese Webseite geh\u00f6rt dem Verein Fri Up und beinhaltet verschiedene redaktionelle und multimediale Beitr\u00e4ge, sowie Informationen \u00fcber die Aktivit\u00e4ten und Angebote von Fri Up.<br \/>\nDie Benutzerin\/der Benutzer verpflichtet sich, alle Inhalte dieser Webseite ausschliesslich zu legalen Zwecken zu nutzen, gem\u00e4ss schweizerischem Recht. Bei Verst\u00f6ssen wird sie\/er alleine f\u00fcr verantwortlich gehalten.<\/p>\n<p><strong>6. Geistiges Eigentum<\/strong><br \/>\nAlle Rechte sind vorbehalten. Der gesamte Inhalt der Website ist urheberrechtlich gesch\u00fctzt. Das vollst\u00e4ndige oder teilweise Reproduzieren, \u00dcbermitteln, Modifizieren, Verkn\u00fcpfen oder Benutzen der Webseite und ihres Inhaltes f\u00fcr \u00f6ffentliche oder kommerzielle Zwecke ist ohne vorherige schriftliche Zustimmung von Fri Up untersagt.<br \/>\nDie auf der Website abgebildeten Logos sind rechtlich gesch\u00fctzte Marken der jeweiligen Inhaber und d\u00fcrfen ohne vorherige Zustimmung nicht ver\u00f6ffentlicht oder in sonst irgendeiner Weise benutzt werden.<br \/>\nDie Nutzung der Website erteilt keinesfalls der Benutzerin\/dem Benutzer das Recht auf dem geistigen Eigentum von Fri Up.<\/p>\n<\/div><\/section><\/div>\n<style type=\"text\/css\" data-created_by=\"avia_inline_auto\" id=\"style-css-av-av_one_half-0aa7055fe62c3622faec82866afbaeb2\">\n.flex_column.av-av_one_half-0aa7055fe62c3622faec82866afbaeb2{\nborder-radius:0px 0px 0px 0px;\n-webkit-border-radius:0px 0px 0px 0px;\n-moz-border-radius:0px 0px 0px 0px;\n}\n<\/style>\n<div class='flex_column av-av_one_half-0aa7055fe62c3622faec82866afbaeb2 av_one_half  avia-builder-el-5  el_after_av_one_half  avia-builder-el-last  flex_column_div av-zero-column-padding '   ><section  class='av_textblock_section av-av_textblock-2bd894dbf2e4bf2c4acf98ce4fbf94aa'  itemscope=\"itemscope\" itemtype=\"https:\/\/schema.org\/CreativeWork\" ><div class='avia_textblock'  itemprop=\"text\" ><p><strong>7. Verkn\u00fcpfungen<\/strong><br \/>\nVerschiedene Verkn\u00fcpfungen (Links) auf der Webseite verbinden die Besucherinnen und Besucher mit Webseiten Dritter. Fri Up hat diese Webseiten nicht gepr\u00fcft und \u00fcbernimmt f\u00fcr deren Inhalt und die darauf angebotenen Produkte, Dienstleistungen oder sonstigen Angebote keinerlei Verantwortung. Das Vorhandensein von Links zu solchen Webseiten bedeutet nicht, dass Fri Up diese Webseiten und die auf ihnen angebotenen Inhalte, Produkte und Dienstleistungen billigt.<\/p>\n<p><strong>8. Datenschutz<\/strong><br \/>\nSofern innerhalb der Webseite die M\u00f6glichkeit zur Eingabe personenbezogener Daten besteht, erfolgt die Preisgabe dieser Daten auf freiwilliger Basis.<br \/>\nFri Up verpflichtet sich, personenbezogene Daten zu sch\u00fctzen.<\/p>\n<p><strong>9. Haftung<\/strong><br \/>\nDie Nutzung der Webseite von Fri Up erfolgt auf eigene Verantwortung des Benutzers \/ der Benutzerin.<br \/>\nJegliche Haftung von Fri Up f\u00fcr direkte oder indirekte Sch\u00e4den und Folgesch\u00e4den, die sich aus dem Zugriff seiner Website oder deren Benutzung (bzw. aus der Unm\u00f6glichkeit des Zugriffs oder der Benutzung) ergeben, ist, auch wenn Fri Up auf die M\u00f6glichkeit solcher Sch\u00e4den hingewiesen wurde, soweit gesetzlich m\u00f6glich ausgeschlossen. Insbesondere \u00fcbernimmt Fri Up keine Garantie daf\u00fcr, dass die Website oder die Server, die sie zur Verf\u00fcgung stellen, keine Viren oder andere sch\u00e4dliche Elemente enthalten.<\/p>\n<p><strong>10. Anwendbares Recht und Gerichtsstand<\/strong><br \/>\nAuf alle sich aus dem Zugriff auf der Webseite von Fri Up oder deren Benutzung (bzw. aus der Unm\u00f6glichkeit des Zugriffs oder der Benutzung) ergebenden Streitigkeiten ist Schweizer Recht anwendbar.<\/p>\n<\/div><\/section><\/div><\/div><\/div><\/main><!-- close content main element --><\/div><\/div><div id='after_section_1'  class='main_color av_default_container_wrap container_wrap sidebar_right'  ><div class='container av-section-cont-open' ><div class='template-page content  av-content-small alpha units'><div class='post-entry post-entry-type-page post-entry-4226'><div class='entry-content-wrapper clearfix'>\n<style type=\"text\/css\" data-created_by=\"avia_inline_auto\" id=\"style-css-av-av_hr-bedf20ae376f7d141e311546a1423650\">\n#top .hr.hr-invisible.av-av_hr-bedf20ae376f7d141e311546a1423650{\nheight:200px;\n}\n<\/style>\n<div  class='hr av-av_hr-bedf20ae376f7d141e311546a1423650 hr-invisible  avia-builder-el-7  el_after_av_section  avia-builder-el-no-sibling '><span class='hr-inner '><span class=\"hr-inner-style\"><\/span><\/span><\/div><\/p>\n","protected":false},"excerpt":{"rendered":"","protected":false},"author":1,"featured_media":0,"parent":0,"menu_order":11,"comment_status":"closed","ping_status":"closed","template":"","meta":{"wp_mapbox_gl_js_media":[]},"acf":[],"yoast_head":"<!-- This site is optimized with the Yoast SEO plugin v19.14 - https:\/\/yoast.com\/wordpress\/plugins\/seo\/ -->\n<title>Allgemeine Nutzungsbedingungen - Fri Up<\/title>\n<meta name=\"robots\" content=\"index, follow, max-snippet:-1, max-image-preview:large, max-video-preview:-1\" \/>\n<link rel=\"canonical\" href=\"https:\/\/old.friup.ch\/de\/allgemeine-nutzungsbedingungen\/\" \/>\n<meta property=\"og:locale\" content=\"de_DE\" \/>\n<meta property=\"og:type\" content=\"article\" \/>\n<meta property=\"og:title\" content=\"Allgemeine Nutzungsbedingungen - Fri Up\" \/>\n<meta property=\"og:url\" content=\"https:\/\/old.friup.ch\/de\/allgemeine-nutzungsbedingungen\/\" \/>\n<meta property=\"og:site_name\" content=\"Fri Up\" \/>\n<meta property=\"article:modified_time\" content=\"2018-01-23T13:51:40+00:00\" \/>\n<meta name=\"twitter:card\" content=\"summary_large_image\" \/>\n<meta name=\"twitter:label1\" content=\"Gesch\u00e4tzte Lesezeit\" \/>\n\t<meta name=\"twitter:data1\" content=\"5\u00a0Minuten\" \/>\n<script type=\"application\/ld+json\" class=\"yoast-schema-graph\">{\"@context\":\"https:\/\/schema.org\",\"@graph\":[{\"@type\":\"WebPage\",\"@id\":\"https:\/\/old.friup.ch\/de\/allgemeine-nutzungsbedingungen\/\",\"url\":\"https:\/\/old.friup.ch\/de\/allgemeine-nutzungsbedingungen\/\",\"name\":\"Allgemeine Nutzungsbedingungen - Fri Up\",\"isPartOf\":{\"@id\":\"https:\/\/old.friup.ch\/#website\"},\"datePublished\":\"2017-02-02T12:28:56+00:00\",\"dateModified\":\"2018-01-23T13:51:40+00:00\",\"breadcrumb\":{\"@id\":\"https:\/\/old.friup.ch\/de\/allgemeine-nutzungsbedingungen\/#breadcrumb\"},\"inLanguage\":\"de\",\"potentialAction\":[{\"@type\":\"ReadAction\",\"target\":[\"https:\/\/old.friup.ch\/de\/allgemeine-nutzungsbedingungen\/\"]}]},{\"@type\":\"BreadcrumbList\",\"@id\":\"https:\/\/old.friup.ch\/de\/allgemeine-nutzungsbedingungen\/#breadcrumb\",\"itemListElement\":[{\"@type\":\"ListItem\",\"position\":1,\"name\":\"Home\",\"item\":\"https:\/\/old.friup.ch\/de\/\"},{\"@type\":\"ListItem\",\"position\":2,\"name\":\"Allgemeine Nutzungsbedingungen\"}]},{\"@type\":\"WebSite\",\"@id\":\"https:\/\/old.friup.ch\/#website\",\"url\":\"https:\/\/old.friup.ch\/\",\"name\":\"Fri Up\",\"description\":\"Soutien \u00e0 l&#039;innovation fribourgeoise\",\"potentialAction\":[{\"@type\":\"SearchAction\",\"target\":{\"@type\":\"EntryPoint\",\"urlTemplate\":\"https:\/\/old.friup.ch\/?s={search_term_string}\"},\"query-input\":\"required name=search_term_string\"}],\"inLanguage\":\"de\"}]}<\/script>\n<!-- \/ Yoast SEO plugin. -->","yoast_head_json":{"title":"Allgemeine Nutzungsbedingungen - Fri Up","robots":{"index":"index","follow":"follow","max-snippet":"max-snippet:-1","max-image-preview":"max-image-preview:large","max-video-preview":"max-video-preview:-1"},"canonical":"https:\/\/old.friup.ch\/de\/allgemeine-nutzungsbedingungen\/","og_locale":"de_DE","og_type":"article","og_title":"Allgemeine Nutzungsbedingungen - Fri Up","og_url":"https:\/\/old.friup.ch\/de\/allgemeine-nutzungsbedingungen\/","og_site_name":"Fri Up","article_modified_time":"2018-01-23T13:51:40+00:00","twitter_card":"summary_large_image","twitter_misc":{"Gesch\u00e4tzte Lesezeit":"5\u00a0Minuten"},"schema":{"@context":"https:\/\/schema.org","@graph":[{"@type":"WebPage","@id":"https:\/\/old.friup.ch\/de\/allgemeine-nutzungsbedingungen\/","url":"https:\/\/old.friup.ch\/de\/allgemeine-nutzungsbedingungen\/","name":"Allgemeine Nutzungsbedingungen - Fri Up","isPartOf":{"@id":"https:\/\/old.friup.ch\/#website"},"datePublished":"2017-02-02T12:28:56+00:00","dateModified":"2018-01-23T13:51:40+00:00","breadcrumb":{"@id":"https:\/\/old.friup.ch\/de\/allgemeine-nutzungsbedingungen\/#breadcrumb"},"inLanguage":"de","potentialAction":[{"@type":"ReadAction","target":["https:\/\/old.friup.ch\/de\/allgemeine-nutzungsbedingungen\/"]}]},{"@type":"BreadcrumbList","@id":"https:\/\/old.friup.ch\/de\/allgemeine-nutzungsbedingungen\/#breadcrumb","itemListElement":[{"@type":"ListItem","position":1,"name":"Home","item":"https:\/\/old.friup.ch\/de\/"},{"@type":"ListItem","position":2,"name":"Allgemeine Nutzungsbedingungen"}]},{"@type":"WebSite","@id":"https:\/\/old.friup.ch\/#website","url":"https:\/\/old.friup.ch\/","name":"Fri Up","description":"Soutien \u00e0 l&#039;innovation fribourgeoise","potentialAction":[{"@type":"SearchAction","target":{"@type":"EntryPoint","urlTemplate":"https:\/\/old.friup.ch\/?s={search_term_string}"},"query-input":"required name=search_term_string"}],"inLanguage":"de"}]}},"_links":{"self":[{"href":"https:\/\/old.friup.ch\/de\/wp-json\/wp\/v2\/pages\/4226"}],"collection":[{"href":"https:\/\/old.friup.ch\/de\/wp-json\/wp\/v2\/pages"}],"about":[{"href":"https:\/\/old.friup.ch\/de\/wp-json\/wp\/v2\/types\/page"}],"author":[{"embeddable":true,"href":"https:\/\/old.friup.ch\/de\/wp-json\/wp\/v2\/users\/1"}],"replies":[{"embeddable":true,"href":"https:\/\/old.friup.ch\/de\/wp-json\/wp\/v2\/comments?post=4226"}],"version-history":[{"count":4,"href":"https:\/\/old.friup.ch\/de\/wp-json\/wp\/v2\/pages\/4226\/revisions"}],"predecessor-version":[{"id":10746,"href":"https:\/\/old.friup.ch\/de\/wp-json\/wp\/v2\/pages\/4226\/revisions\/10746"}],"wp:attachment":[{"href":"https:\/\/old.friup.ch\/de\/wp-json\/wp\/v2\/media?parent=4226"}],"curies":[{"name":"wp","href":"https:\/\/api.w.org\/{rel}","templated":true}]}}