{"id":4234,"date":"2018-01-10T15:00:37","date_gmt":"2018-01-10T14:00:37","guid":{"rendered":"http:\/\/www.friup.ch\/faq\/"},"modified":"2018-02-01T22:00:20","modified_gmt":"2018-02-01T21:00:20","slug":"faq","status":"publish","type":"page","link":"https:\/\/old.friup.ch\/de\/faq\/","title":{"rendered":"FAQ"},"content":{"rendered":"\n<style type=\"text\/css\" data-created_by=\"avia_inline_auto\" id=\"style-css-av-av_section-f3b5944633b9fdc9988243364921a9ac\">\n.avia-section.av-av_section-f3b5944633b9fdc9988243364921a9ac{\nbackground-color:#f05a1a;\nbackground-image:url(https:\/\/old.friup.ch\/wp-content\/uploads\/2017\/02\/banner-cc.jpg);\nbackground-repeat:no-repeat;\nbackground-position:50% 0%;\nbackground-attachment:scroll;\n}\n.avia-section.av-av_section-f3b5944633b9fdc9988243364921a9ac .av-section-color-overlay{\nopacity:0.6;\nbackground-color:#000000;\n}\n<\/style>\n<div id='av_section_1'  class='avia-section av-av_section-f3b5944633b9fdc9988243364921a9ac main_color avia-section-default avia-no-border-styling  avia-builder-el-0  el_before_av_section  avia-builder-el-first  txt_header_container avia-full-stretch avia-bg-style-scroll av-section-color-overlay-active av-minimum-height av-minimum-height-custom  container_wrap sidebar_right'  data-section-bg-repeat='stretch'><div class=\"av-section-color-overlay-wrap\"><div class=\"av-section-color-overlay\"><\/div><div class='container av-section-cont-open' style='height:500px'><main  role=\"main\" itemprop=\"mainContentOfPage\"  class='template-page content  av-content-small alpha units'><div class='post-entry post-entry-type-page post-entry-4234'><div class='entry-content-wrapper clearfix'>\n\n<style type=\"text\/css\" data-created_by=\"avia_inline_auto\" id=\"style-css-av-av_hr-fbebcb4fe7f7f93a621d8b6783460008\">\n#top .hr.hr-invisible.av-av_hr-fbebcb4fe7f7f93a621d8b6783460008{\nheight:30px;\n}\n<\/style>\n<div  class='hr av-av_hr-fbebcb4fe7f7f93a621d8b6783460008 hr-invisible  avia-builder-el-1  el_before_av_textblock  avia-builder-el-first '><span class='hr-inner '><span class=\"hr-inner-style\"><\/span><\/span><\/div>\n\n<style type=\"text\/css\" data-created_by=\"avia_inline_auto\" id=\"style-css-av-av_textblock-736a891185adf0ae39809f258b4b66cb\">\n#top .av_textblock_section.av-av_textblock-736a891185adf0ae39809f258b4b66cb .avia_textblock{\nfont-size:30px;\ncolor:#ffffff;\n}\n\n@media only screen and (min-width: 768px) and (max-width: 989px){ \n#top .av_textblock_section.av-av_textblock-736a891185adf0ae39809f258b4b66cb .avia_textblock{\nfont-size:40px;\n}\n}\n\n@media only screen and (min-width: 480px) and (max-width: 767px){ \n#top .av_textblock_section.av-av_textblock-736a891185adf0ae39809f258b4b66cb .avia_textblock{\nfont-size:40px;\n}\n}\n\n@media only screen and (max-width: 479px){ \n#top .av_textblock_section.av-av_textblock-736a891185adf0ae39809f258b4b66cb .avia_textblock{\nfont-size:40px;\n}\n}\n<\/style>\n<section  class='av_textblock_section av-av_textblock-736a891185adf0ae39809f258b4b66cb'  itemscope=\"itemscope\" itemtype=\"https:\/\/schema.org\/CreativeWork\" ><div class='avia_textblock txt_header_box av_inherit_color'  itemprop=\"text\" ><p style=\"text-align: center;\"><span class=\"h1\"><strong>H\u00e4ufig gestellte Fragen<\/strong>\u00a0(FAQ)<\/span><\/p>\n<\/div><\/section>\n\n\n<style type=\"text\/css\" data-created_by=\"avia_inline_auto\" id=\"style-css-av-av_hr-4474f20d2389e2e5ecf918a02da5132e\">\n#top .hr.hr-invisible.av-av_hr-4474f20d2389e2e5ecf918a02da5132e{\nheight:50px;\n}\n<\/style>\n<div  class='hr av-av_hr-4474f20d2389e2e5ecf918a02da5132e hr-invisible  avia-builder-el-4  el_after_av_heading  avia-builder-el-last '><span class='hr-inner '><span class=\"hr-inner-style\"><\/span><\/span><\/div>\n\n<\/div><\/div><\/main><!-- close content main element --><\/div><\/div><\/div>\n<style type=\"text\/css\" data-created_by=\"avia_inline_auto\" id=\"style-css-av-av_section-c4b0009018dfce414cac7e5ae60930bf\">\n.avia-section.av-av_section-c4b0009018dfce414cac7e5ae60930bf{\nbackground-color:#9e9e9e;\nbackground-image:unset;\n}\n.avia-section.av-av_section-c4b0009018dfce414cac7e5ae60930bf .av-extra-border-element .av-extra-border-inner{\nbackground-color:#9e9e9e;\n}\n<\/style>\n<div id='av_section_2'  class='avia-section av-av_section-c4b0009018dfce414cac7e5ae60930bf main_color avia-section-small avia-no-border-styling  avia-builder-el-5  el_after_av_section  el_before_av_section  avia-bg-style-scroll av-arrow-down-section container_wrap sidebar_right'  ><div class='container av-section-cont-open' ><div class='template-page content  av-content-small alpha units'><div class='post-entry post-entry-type-page post-entry-4234'><div class='entry-content-wrapper clearfix'>\n\n<style type=\"text\/css\" data-created_by=\"avia_inline_auto\" id=\"style-css-av-av_textblock-a2c8bcf4150b30f748198b3dab77606b\">\n#top .av_textblock_section.av-av_textblock-a2c8bcf4150b30f748198b3dab77606b .avia_textblock{\nfont-size:24px;\ncolor:#ffffff;\n}\n<\/style>\n<section  class='av_textblock_section av-av_textblock-a2c8bcf4150b30f748198b3dab77606b'  itemscope=\"itemscope\" itemtype=\"https:\/\/schema.org\/CreativeWork\" ><div class='avia_textblock av_inherit_color'  itemprop=\"text\" ><p style=\"text-align: center;\">Hier finden Sie Antworten auf h\u00e4ufig gestellte Fragen.<\/p>\n<\/div><\/section>\n\n<\/div><\/div><\/div><!-- close content main div --><\/div><div class='av-extra-border-element border-extra-arrow-down'><div class='av-extra-border-outer'><div class='av-extra-border-inner'><\/div><\/div><\/div><\/div>\n<style type=\"text\/css\" data-created_by=\"avia_inline_auto\" id=\"style-css-av-av_section-4e1ea2eac58a3e02ef65a1c0b92f47be\">\n.avia-section.av-av_section-4e1ea2eac58a3e02ef65a1c0b92f47be .av-extra-border-element .av-extra-border-inner{\nbackground-color:#f8f8f8;\n}\n<\/style>\n<div id='av_section_3'  class='avia-section av-av_section-4e1ea2eac58a3e02ef65a1c0b92f47be main_color avia-section-default avia-no-border-styling  avia-builder-el-7  el_after_av_section  avia-builder-el-last  avia-bg-style-scroll av-arrow-down-section container_wrap sidebar_right'  ><div class='container av-section-cont-open' ><div class='template-page content  av-content-small alpha units'><div class='post-entry post-entry-type-page post-entry-4234'><div class='entry-content-wrapper clearfix'>\n\n<style type=\"text\/css\" data-created_by=\"avia_inline_auto\" id=\"style-css-av-av_hr-0645478af54715b75905f78d46849be0\">\n#top .hr.hr-invisible.av-av_hr-0645478af54715b75905f78d46849be0{\nheight:50px;\n}\n<\/style>\n<div  class='hr av-av_hr-0645478af54715b75905f78d46849be0 hr-invisible  avia-builder-el-8  el_before_av_three_fifth  avia-builder-el-first '><span class='hr-inner '><span class=\"hr-inner-style\"><\/span><\/span><\/div>\n\n<style type=\"text\/css\" data-created_by=\"avia_inline_auto\" id=\"style-css-av-av_three_fifth-15d750bd1b332b34c6e70b077ebbccdf\">\n.flex_column.av-av_three_fifth-15d750bd1b332b34c6e70b077ebbccdf{\nborder-radius:0px 0px 0px 0px;\n-webkit-border-radius:0px 0px 0px 0px;\n-moz-border-radius:0px 0px 0px 0px;\n}\n<\/style>\n<div class='flex_column av-av_three_fifth-15d750bd1b332b34c6e70b077ebbccdf av_three_fifth  avia-builder-el-9  el_after_av_hr  el_before_av_two_fifth  first flex_column_div av-zero-column-padding '   ><div  class='togglecontainer av-av_toggle_container-9b335384ec8c3330272bf261371af9c0  avia-builder-el-10  avia-builder-el-no-sibling  toggle_close_all' >\n<section class='av_toggle_section av-av_toggle-7ef4102ffffd313e98a40b8ccf6cecae'  itemscope=\"itemscope\" itemtype=\"https:\/\/schema.org\/CreativeWork\" ><div role=\"tablist\" class=\"single_toggle\" data-tags=\"{Alle} \"  ><p data-fake-id='#toggle-id-1' class='toggler   '  itemprop=\"headline\"  role='tab' tabindex='0' aria-controls='toggle-id-1'>F\u00fcr welche Art von Projekten bietet Fri Up eine Beratung an?<span class=\"toggle_icon\"><span class=\"vert_icon\"><\/span><span class=\"hor_icon\"><\/span><\/span><\/p><div id='toggle-id-1' class='toggle_wrap  '  ><div class='toggle_content invers-color '  itemprop=\"text\" ><p>Fri Up analysiert jeden Typ von Projekt und ber\u00e4t Sie, was immer Sie im Sinn haben.<\/p>\n<\/div><\/div><\/div><\/section>\n<section class='av_toggle_section av-av_toggle-536c36b2c457f1b1eeff75615e6d319e'  itemscope=\"itemscope\" itemtype=\"https:\/\/schema.org\/CreativeWork\" ><div role=\"tablist\" class=\"single_toggle\" data-tags=\"{Alle} \"  ><p data-fake-id='#toggle-id-2' class='toggler   '  itemprop=\"headline\"  role='tab' tabindex='0' aria-controls='toggle-id-2'>Welche Art von Beratung bietet mir Fri Up an?<span class=\"toggle_icon\"><span class=\"vert_icon\"><\/span><span class=\"hor_icon\"><\/span><\/span><\/p><div id='toggle-id-2' class='toggle_wrap  '  ><div class='toggle_content invers-color '  itemprop=\"text\" ><p>Als Erstes analysieren wir zusammen, was Ihre Bed\u00fcrfnisse sind. Danach beraten wir Sie gerne umfassend \u00fcber Ihre n\u00e4chsten Schritte. Wir beantworten auch spezifische Fragen, zum Beispiel \u00fcber die Wahl der Rechtsform oder die Erstellung des Businessplans.<\/p>\n<\/div><\/div><\/div><\/section>\n<section class='av_toggle_section av-av_toggle-e452052e06f2252772672f61f5f63050'  itemscope=\"itemscope\" itemtype=\"https:\/\/schema.org\/CreativeWork\" ><div role=\"tablist\" class=\"single_toggle\" data-tags=\"{Alle} \"  ><p data-fake-id='#toggle-id-3' class='toggler   '  itemprop=\"headline\"  role='tab' tabindex='0' aria-controls='toggle-id-3'>Kostet mich diese Hilfe etwas?<span class=\"toggle_icon\"><span class=\"vert_icon\"><\/span><span class=\"hor_icon\"><\/span><\/span><\/p><div id='toggle-id-3' class='toggle_wrap  '  ><div class='toggle_content invers-color '  itemprop=\"text\" ><p>Nein, wir beraten Sie kostenlos.<\/p>\n<\/div><\/div><\/div><\/section>\n<section class='av_toggle_section av-av_toggle-09a188ddb603273d536c36f6c52cd28b'  itemscope=\"itemscope\" itemtype=\"https:\/\/schema.org\/CreativeWork\" ><div role=\"tablist\" class=\"single_toggle\" data-tags=\"{Alle} \"  ><p data-fake-id='#toggle-id-4' class='toggler   '  itemprop=\"headline\"  role='tab' tabindex='0' aria-controls='toggle-id-4'>Ich m\u00f6chte Fri Up gerne um Rat fragen. Wie gehe ich vor?<span class=\"toggle_icon\"><span class=\"vert_icon\"><\/span><span class=\"hor_icon\"><\/span><\/span><\/p><div id='toggle-id-4' class='toggle_wrap  '  ><div class='toggle_content invers-color '  itemprop=\"text\" ><p>Schicken Sie uns Ihre Anfrage mittels des <a href=\"http:\/\/www.friup.ch\/de\/mein-projekt\/\">Kontaktformulars<\/a> auf dieser Internetseite. Sie k\u00f6nnen uns auch anrufen oder eine <a href=\"mailto:office@friup.ch\">Mail<\/a> schreiben. Wir werden gerne einen Termin mit Ihnen festlegen.<\/p>\n<\/div><\/div><\/div><\/section>\n<section class='av_toggle_section av-av_toggle-2550b8fd649d79258d375d586fe754b9'  itemscope=\"itemscope\" itemtype=\"https:\/\/schema.org\/CreativeWork\" ><div role=\"tablist\" class=\"single_toggle\" data-tags=\"{Alle} \"  ><p data-fake-id='#toggle-id-5' class='toggler   '  itemprop=\"headline\"  role='tab' tabindex='0' aria-controls='toggle-id-5'>Fri Up bietet ebenfalls an, Start-Ups zu begleiten. Was ist der Unterschied zwischen Beratung und Begleitung?<span class=\"toggle_icon\"><span class=\"vert_icon\"><\/span><span class=\"hor_icon\"><\/span><\/span><\/p><div id='toggle-id-5' class='toggle_wrap  '  ><div class='toggle_content invers-color '  itemprop=\"text\" ><p>Eine Beratung ist im Prinzip einmalig. Danach stehen Sie entweder auf eigenen Beinen oder sie beantragen eine Teilnahme an unserem Begleitprogramm. Wir begleiten kostenlos Start-Ups bis zum Ihrem Erfolg auf dem Markt. Neben regelm\u00e4ssigem Coaching bieten wir auch unsere Unterst\u00fctzung auf der Suche nach Startkapital, den ersten Kunden und neuen Partnern an. Was immer Sie interessiert, alles f\u00e4ngt mit einem ersten Termin an!<\/p>\n<\/div><\/div><\/div><\/section>\n<section class='av_toggle_section av-av_toggle-22c36c37b57d23d38769b7fb103c99c7'  itemscope=\"itemscope\" itemtype=\"https:\/\/schema.org\/CreativeWork\" ><div role=\"tablist\" class=\"single_toggle\" data-tags=\"{Alle} \"  ><p data-fake-id='#toggle-id-6' class='toggler   '  itemprop=\"headline\"  role='tab' tabindex='0' aria-controls='toggle-id-6'>Welche Projekte k\u00f6nnen von Fri Up begleitet werden?<span class=\"toggle_icon\"><span class=\"vert_icon\"><\/span><span class=\"hor_icon\"><\/span><\/span><\/p><div id='toggle-id-6' class='toggle_wrap  '  ><div class='toggle_content invers-color '  itemprop=\"text\" ><p>Um von Fri Up begleitet zu werden, m\u00fcssen sie folgende Kriterien erf\u00fcllen:<\/p>\n<ul>\n<li>Sie wollen Ihr Unternehmen im Kanton Freiburg starten oder sind schon hier ans\u00e4ssig.<\/li>\n<li>Ihr Projekt ist innovativ: Sie kreieren etwas Neuartiges, erf\u00fcllen neue Bed\u00fcrfnisse oder haben einen innovativen Ansatz f\u00fcr einen bereits bestehenden Markt.<\/li>\n<li>Sie wollen Arbeitspl\u00e4tze schaffen und zur wirtschaftlichen Entwicklung des Kantons Freiburg beitragen.<\/li>\n<li>Sie sind flexibel und bereit, Ihr Projekt neu anzugehen, falls es notwendig ist.<\/li>\n<li>Ihre Firma, falls sie schon existiert, ist weniger als 3 Jahre alt.<\/li>\n<\/ul>\n<\/div><\/div><\/div><\/section>\n<section class='av_toggle_section av-av_toggle-9d55b86a0258b15e88e85011aab5dd85'  itemscope=\"itemscope\" itemtype=\"https:\/\/schema.org\/CreativeWork\" ><div role=\"tablist\" class=\"single_toggle\" data-tags=\"{Alle} \"  ><p data-fake-id='#toggle-id-7' class='toggler   '  itemprop=\"headline\"  role='tab' tabindex='0' aria-controls='toggle-id-7'>Mein Projekt ist nicht im Hightech-Bereich. Kann ich trotzdem von Fri Up begleitet werden?<span class=\"toggle_icon\"><span class=\"vert_icon\"><\/span><span class=\"hor_icon\"><\/span><\/span><\/p><div id='toggle-id-7' class='toggle_wrap  '  ><div class='toggle_content invers-color '  itemprop=\"text\" ><p>Nat\u00fcrlich! Wir gehen davon aus, dass in jedem Bereich Innovationen m\u00f6glich sind und begleiten Start-Ups in verschiedensten Branchen.<\/p>\n<\/div><\/div><\/div><\/section>\n<section class='av_toggle_section av-av_toggle-371ca474317b1f4d547a39935e0864ad'  itemscope=\"itemscope\" itemtype=\"https:\/\/schema.org\/CreativeWork\" ><div role=\"tablist\" class=\"single_toggle\" data-tags=\"{Alle} \"  ><p data-fake-id='#toggle-id-8' class='toggler   '  itemprop=\"headline\"  role='tab' tabindex='0' aria-controls='toggle-id-8'>Mein Projekt entspricht den Selektionskriterien von Fri Up. Wie kann ich eine Teilnahme am Begleitprogramm beantragen?<span class=\"toggle_icon\"><span class=\"vert_icon\"><\/span><span class=\"hor_icon\"><\/span><\/span><\/p><div id='toggle-id-8' class='toggle_wrap  '  ><div class='toggle_content invers-color '  itemprop=\"text\" ><p>Kontaktieren Sie uns mittels des <a href=\"http:\/\/www.friup.ch\/de\/meine-begleitung\/\">Kontaktformulars<\/a> auf dieser Internetseite, per Telefon oder <a href=\"mailto:office@friup.ch\">Mail<\/a>. Wir werden einen Termin festlegen und Ihr Projekt zusammen analysieren. Sobald Sie bereit sind, werden Sie Ihr Projekt eines unserer Selektionskomitees vorstellen.<\/p>\n<\/div><\/div><\/div><\/section>\n<section class='av_toggle_section av-av_toggle-7afca71b1db9c0307e03f36128d48007'  itemscope=\"itemscope\" itemtype=\"https:\/\/schema.org\/CreativeWork\" ><div role=\"tablist\" class=\"single_toggle\" data-tags=\"{Alle} \"  ><p data-fake-id='#toggle-id-9' class='toggler   '  itemprop=\"headline\"  role='tab' tabindex='0' aria-controls='toggle-id-9'>Wie kann ich das Selektionskomitee \u00fcberzeugen, mein Projekt auszuw\u00e4hlen?<span class=\"toggle_icon\"><span class=\"vert_icon\"><\/span><span class=\"hor_icon\"><\/span><\/span><\/p><div id='toggle-id-9' class='toggle_wrap  '  ><div class='toggle_content invers-color '  itemprop=\"text\" ><p>Sie haben 15 Minuten Zeit, um Ihr Projekt dem Selektionskomitee zu &#8222;verkaufen&#8220;. Danach folgen 15 Minuten Fragen und Antworten. Keine Angst: Unser Team wird Ihnen helfen, Ihre Pr\u00e4sentation vorzubereiten und daf\u00fcr sorgen, dass Ihre Erfolgsaussichten so hoch wie m\u00f6glich sind.<\/p>\n<\/div><\/div><\/div><\/section>\n<\/div><\/div>\n<style type=\"text\/css\" data-created_by=\"avia_inline_auto\" id=\"style-css-av-av_two_fifth-c8fc129dc35fd1ae2a1e410224d39ea8\">\n.flex_column.av-av_two_fifth-c8fc129dc35fd1ae2a1e410224d39ea8{\nborder-radius:0px 0px 0px 0px;\n-webkit-border-radius:0px 0px 0px 0px;\n-moz-border-radius:0px 0px 0px 0px;\n}\n<\/style>\n<div class='flex_column av-av_two_fifth-c8fc129dc35fd1ae2a1e410224d39ea8 av_two_fifth  avia-builder-el-11  el_after_av_three_fifth  avia-builder-el-last  flex_column_div av-zero-column-padding '   ><p>\n<style type=\"text\/css\" data-created_by=\"avia_inline_auto\" id=\"style-css-av-av_heading-90ccd295d4bb48c387b5d487862d5833\">\n#top .av-special-heading.av-av_heading-90ccd295d4bb48c387b5d487862d5833{\npadding-bottom:10px;\n}\nbody .av-special-heading.av-av_heading-90ccd295d4bb48c387b5d487862d5833 .av-special-heading-tag .heading-char{\nfont-size:25px;\n}\n.av-special-heading.av-av_heading-90ccd295d4bb48c387b5d487862d5833 .av-subheading{\nfont-size:15px;\n}\n<\/style>\n<div  class='av-special-heading av-av_heading-90ccd295d4bb48c387b5d487862d5833 av-special-heading-h2 blockquote modern-quote  avia-builder-el-12  el_before_av_contact  avia-builder-el-first '><h2 class='av-special-heading-tag'  itemprop=\"headline\"  >Haben Sie keine Antwort zu Ihrer Frage gefunden?<\/h2><div class='av-subheading av-subheading_below'><p>In diesem Fall senden Sie uns einfach Ihre Frage \u00fcber das unten stehende Formular. Wir werden Ihnen so schnell wie m\u00f6glich antworten.<\/p>\n<\/div><div class=\"special-heading-border\"><div class=\"special-heading-inner-border\"><\/div><\/div><\/div><br \/>\n<form action=\"https:\/\/old.friup.ch\/de\/faq\/\" method=\"post\"  class=\"avia_ajax_form av-form-labels-visible   avia-builder-el-13  el_after_av_heading  avia-builder-el-last   \" data-avia-form-id=\"1\" data-avia-redirect='' ><fieldset><p class='  first_form  form_element form_fullwidth' id='element_avia_1_1'><label for=\"avia_1_1\">Vorname <abbr class=\"required\" title=\"ben\u00f6tigt\">*<\/abbr><\/label> <input name=\"avia_1_1\" class=\"text_input is_empty\" type=\"text\" id=\"avia_1_1\" value=\"\" \/><\/p><p class='  first_form  form_element form_fullwidth' id='element_avia_2_1'><label for=\"avia_2_1\">Name <abbr class=\"required\" title=\"ben\u00f6tigt\">*<\/abbr><\/label> <input name=\"avia_2_1\" class=\"text_input is_empty\" type=\"text\" id=\"avia_2_1\" value=\"\" \/><\/p><p class='  first_form  form_element form_fullwidth' id='element_avia_3_1'><label for=\"avia_3_1\">E-Mail <abbr class=\"required\" title=\"ben\u00f6tigt\">*<\/abbr><\/label> <input name=\"avia_3_1\" class=\"text_input is_email\" type=\"text\" id=\"avia_3_1\" value=\"\" \/><\/p><p class='  first_form  form_element form_fullwidth' id='element_avia_4_1'><label for=\"avia_4_1\" class=\"textare_label hidden textare_label_avia_4_1\">Ihre Frage <abbr class=\"required\" title=\"ben\u00f6tigt\">*<\/abbr><\/label><textarea  name=\"avia_4_1\" class=\"text_area is_empty\" cols=\"40\" rows=\"7\" id=\"avia_4_1\" ><\/textarea><\/p><p class=\"hidden\"><input type=\"text\" name=\"avia_5_1\" class=\"hidden \" id=\"avia_5_1\" value=\"\" \/><\/p><p class='   form_element form_fullwidth' id='element_avia_6_1'><span class='value_verifier_label'>1 + 5 = ?<\/span><input name=\"avia_6_1_verifier\" type=\"hidden\" id=\"avia_6_1_verifier\" value=\"163421171\"\/><label for=\"avia_6_1\">Bitte l\u00f6se die Gleichung. Diese Ma\u00dfnahme dient der Abwehr von Spam <abbr class=\"required\" title=\"ben\u00f6tigt\">*<\/abbr><\/label><input name=\"avia_6_1\" class=\"text_input captcha\" type=\"text\" id=\"avia_6_1\" value=\"\"\/><\/p><p class=\"form_element \"><input type=\"hidden\" value=\"1\" name=\"avia_generated_form1\" \/><input type=\"submit\" value=\"Senden\" class=\"button\"  data-sending-label=\"Sende\"\/><\/p><\/fieldset><\/form><div id=\"ajaxresponse_1\" class=\"ajaxresponse ajaxresponse_1 hidden\"><\/div><\/p><\/div><\/div><\/div><\/div><!-- close content main div --><\/div><div class='av-extra-border-element border-extra-arrow-down'><div class='av-extra-border-outer'><div class='av-extra-border-inner'><\/div><\/div><\/div><\/div><div id='after_section_3'  class='main_color av_default_container_wrap container_wrap sidebar_right'  ><div class='container av-section-cont-open' ><div class='template-page content  av-content-small alpha units'><div class='post-entry post-entry-type-page post-entry-4234'><div class='entry-content-wrapper clearfix'>\n","protected":false},"excerpt":{"rendered":"","protected":false},"author":2,"featured_media":0,"parent":0,"menu_order":9,"comment_status":"closed","ping_status":"closed","template":"","meta":{"wp_mapbox_gl_js_media":[]},"acf":[],"yoast_head":"<!-- This site is optimized with the Yoast SEO plugin v19.14 - https:\/\/yoast.com\/wordpress\/plugins\/seo\/ -->\n<title>FAQ - Fri Up<\/title>\n<meta name=\"robots\" content=\"index, follow, max-snippet:-1, max-image-preview:large, max-video-preview:-1\" \/>\n<link rel=\"canonical\" href=\"https:\/\/old.friup.ch\/de\/faq\/\" \/>\n<meta property=\"og:locale\" content=\"de_DE\" \/>\n<meta property=\"og:type\" content=\"article\" \/>\n<meta property=\"og:title\" content=\"FAQ - Fri Up\" \/>\n<meta property=\"og:url\" content=\"https:\/\/old.friup.ch\/de\/faq\/\" \/>\n<meta property=\"og:site_name\" content=\"Fri Up\" \/>\n<meta property=\"article:modified_time\" content=\"2018-02-01T21:00:20+00:00\" \/>\n<meta name=\"twitter:card\" content=\"summary_large_image\" \/>\n<meta name=\"twitter:label1\" content=\"Gesch\u00e4tzte Lesezeit\" \/>\n\t<meta name=\"twitter:data1\" content=\"7\u00a0Minuten\" \/>\n<script type=\"application\/ld+json\" class=\"yoast-schema-graph\">{\"@context\":\"https:\/\/schema.org\",\"@graph\":[{\"@type\":\"WebPage\",\"@id\":\"https:\/\/old.friup.ch\/de\/faq\/\",\"url\":\"https:\/\/old.friup.ch\/de\/faq\/\",\"name\":\"FAQ - Fri Up\",\"isPartOf\":{\"@id\":\"https:\/\/old.friup.ch\/#website\"},\"datePublished\":\"2018-01-10T14:00:37+00:00\",\"dateModified\":\"2018-02-01T21:00:20+00:00\",\"breadcrumb\":{\"@id\":\"https:\/\/old.friup.ch\/de\/faq\/#breadcrumb\"},\"inLanguage\":\"de\",\"potentialAction\":[{\"@type\":\"ReadAction\",\"target\":[\"https:\/\/old.friup.ch\/de\/faq\/\"]}]},{\"@type\":\"BreadcrumbList\",\"@id\":\"https:\/\/old.friup.ch\/de\/faq\/#breadcrumb\",\"itemListElement\":[{\"@type\":\"ListItem\",\"position\":1,\"name\":\"Home\",\"item\":\"https:\/\/old.friup.ch\/de\/\"},{\"@type\":\"ListItem\",\"position\":2,\"name\":\"FAQ\"}]},{\"@type\":\"WebSite\",\"@id\":\"https:\/\/old.friup.ch\/#website\",\"url\":\"https:\/\/old.friup.ch\/\",\"name\":\"Fri Up\",\"description\":\"Soutien \u00e0 l&#039;innovation fribourgeoise\",\"potentialAction\":[{\"@type\":\"SearchAction\",\"target\":{\"@type\":\"EntryPoint\",\"urlTemplate\":\"https:\/\/old.friup.ch\/?s={search_term_string}\"},\"query-input\":\"required name=search_term_string\"}],\"inLanguage\":\"de\"}]}<\/script>\n<!-- \/ Yoast SEO plugin. -->","yoast_head_json":{"title":"FAQ - Fri Up","robots":{"index":"index","follow":"follow","max-snippet":"max-snippet:-1","max-image-preview":"max-image-preview:large","max-video-preview":"max-video-preview:-1"},"canonical":"https:\/\/old.friup.ch\/de\/faq\/","og_locale":"de_DE","og_type":"article","og_title":"FAQ - Fri Up","og_url":"https:\/\/old.friup.ch\/de\/faq\/","og_site_name":"Fri Up","article_modified_time":"2018-02-01T21:00:20+00:00","twitter_card":"summary_large_image","twitter_misc":{"Gesch\u00e4tzte Lesezeit":"7\u00a0Minuten"},"schema":{"@context":"https:\/\/schema.org","@graph":[{"@type":"WebPage","@id":"https:\/\/old.friup.ch\/de\/faq\/","url":"https:\/\/old.friup.ch\/de\/faq\/","name":"FAQ - Fri Up","isPartOf":{"@id":"https:\/\/old.friup.ch\/#website"},"datePublished":"2018-01-10T14:00:37+00:00","dateModified":"2018-02-01T21:00:20+00:00","breadcrumb":{"@id":"https:\/\/old.friup.ch\/de\/faq\/#breadcrumb"},"inLanguage":"de","potentialAction":[{"@type":"ReadAction","target":["https:\/\/old.friup.ch\/de\/faq\/"]}]},{"@type":"BreadcrumbList","@id":"https:\/\/old.friup.ch\/de\/faq\/#breadcrumb","itemListElement":[{"@type":"ListItem","position":1,"name":"Home","item":"https:\/\/old.friup.ch\/de\/"},{"@type":"ListItem","position":2,"name":"FAQ"}]},{"@type":"WebSite","@id":"https:\/\/old.friup.ch\/#website","url":"https:\/\/old.friup.ch\/","name":"Fri Up","description":"Soutien \u00e0 l&#039;innovation fribourgeoise","potentialAction":[{"@type":"SearchAction","target":{"@type":"EntryPoint","urlTemplate":"https:\/\/old.friup.ch\/?s={search_term_string}"},"query-input":"required name=search_term_string"}],"inLanguage":"de"}]}},"_links":{"self":[{"href":"https:\/\/old.friup.ch\/de\/wp-json\/wp\/v2\/pages\/4234"}],"collection":[{"href":"https:\/\/old.friup.ch\/de\/wp-json\/wp\/v2\/pages"}],"about":[{"href":"https:\/\/old.friup.ch\/de\/wp-json\/wp\/v2\/types\/page"}],"author":[{"embeddable":true,"href":"https:\/\/old.friup.ch\/de\/wp-json\/wp\/v2\/users\/2"}],"replies":[{"embeddable":true,"href":"https:\/\/old.friup.ch\/de\/wp-json\/wp\/v2\/comments?post=4234"}],"version-history":[{"count":5,"href":"https:\/\/old.friup.ch\/de\/wp-json\/wp\/v2\/pages\/4234\/revisions"}],"predecessor-version":[{"id":4598,"href":"https:\/\/old.friup.ch\/de\/wp-json\/wp\/v2\/pages\/4234\/revisions\/4598"}],"wp:attachment":[{"href":"https:\/\/old.friup.ch\/de\/wp-json\/wp\/v2\/media?parent=4234"}],"curies":[{"name":"wp","href":"https:\/\/api.w.org\/{rel}","templated":true}]}}